{"id":16441,"date":"2023-11-02T08:26:39","date_gmt":"2023-11-02T08:26:39","guid":{"rendered":"https:\/\/www.elmassansyd.se\/entrance-ticket\/"},"modified":"2025-07-04T11:30:36","modified_gmt":"2025-07-04T11:30:36","slug":"entrance-ticket","status":"publish","type":"page","link":"https:\/\/www.elmassansyd.se\/en\/entrance-ticket\/","title":{"rendered":"Entrance Ticket"},"content":{"rendered":"\t\t<div data-elementor-type=\"wp-post\" data-elementor-id=\"16441\" class=\"elementor elementor-16441\" data-elementor-post-type=\"page\">\n\t\t\t\t\t\t<section class=\"elementor-section elementor-top-section elementor-element elementor-element-ca82686 elementor-section-full_width elementor-section-height-min-height elementor-section-content-top elementor-section-height-default elementor-section-items-middle\" data-id=\"ca82686\" data-element_type=\"section\" data-settings=\"{&quot;background_background&quot;:&quot;classic&quot;,&quot;shape_divider_bottom&quot;:&quot;pyramids&quot;}\">\n\t\t\t\t\t<div class=\"elementor-shape elementor-shape-bottom\" aria-hidden=\"true\" data-negative=\"false\">\n\t\t\t<svg xmlns=\"http:\/\/www.w3.org\/2000\/svg\" viewBox=\"0 0 1000 100\" preserveAspectRatio=\"none\">\n\t<path class=\"elementor-shape-fill\" d=\"M761.9,44.1L643.1,27.2L333.8,98L0,3.8V0l1000,0v3.9\"\/>\n<\/svg>\t\t<\/div>\n\t\t\t\t\t<div class=\"elementor-container elementor-column-gap-default\">\n\t\t\t\t\t<div class=\"elementor-column elementor-col-100 elementor-top-column elementor-element elementor-element-daf4d6f\" data-id=\"daf4d6f\" data-element_type=\"column\">\n\t\t\t<div class=\"elementor-widget-wrap elementor-element-populated\">\n\t\t\t\t\t\t<div class=\"elementor-element elementor-element-f22ce1d elementor-widget elementor-widget-heading\" data-id=\"f22ce1d\" data-element_type=\"widget\" data-widget_type=\"heading.default\">\n\t\t\t\t<div class=\"elementor-widget-container\">\n\t\t\t\t\t<h1 class=\"elementor-heading-title elementor-size-default\"><a href=\"https:\/\/registration.n200.com\/survey\/2i1l80i0dmnrl\" target=\"_blank\">Free entry ticket for everyone in the industry.<\/a><\/h1>\t\t\t\t<\/div>\n\t\t\t\t<\/div>\n\t\t\t\t<div class=\"elementor-element elementor-element-9c89eb4 elementor-widget elementor-widget-spacer\" data-id=\"9c89eb4\" data-element_type=\"widget\" data-widget_type=\"spacer.default\">\n\t\t\t\t<div class=\"elementor-widget-container\">\n\t\t\t\t\t\t\t<div class=\"elementor-spacer\">\n\t\t\t<div class=\"elementor-spacer-inner\"><\/div>\n\t\t<\/div>\n\t\t\t\t\t\t<\/div>\n\t\t\t\t<\/div>\n\t\t\t\t\t<\/div>\n\t\t<\/div>\n\t\t\t\t\t<\/div>\n\t\t<\/section>\n\t\t\t\t<section class=\"elementor-section elementor-top-section elementor-element elementor-element-2c276d7 elementor-section-boxed elementor-section-height-default elementor-section-height-default\" data-id=\"2c276d7\" data-element_type=\"section\">\n\t\t\t\t\t\t<div class=\"elementor-container elementor-column-gap-default\">\n\t\t\t\t\t<div class=\"elementor-column elementor-col-100 elementor-top-column elementor-element elementor-element-15182ac\" data-id=\"15182ac\" data-element_type=\"column\">\n\t\t\t<div class=\"elementor-widget-wrap elementor-element-populated\">\n\t\t\t\t\t\t<div class=\"elementor-element elementor-element-8a830bc elementor-widget elementor-widget-heading\" data-id=\"8a830bc\" data-element_type=\"widget\" data-widget_type=\"heading.default\">\n\t\t\t\t<div class=\"elementor-widget-container\">\n\t\t\t\t\t<h2 class=\"elementor-heading-title elementor-size-xl\">We are now in full swing preparing for the 2024 fair.<\/h2>\t\t\t\t<\/div>\n\t\t\t\t<\/div>\n\t\t\t\t<div class=\"elementor-element elementor-element-17c62e4 elementor-widget elementor-widget-spacer\" data-id=\"17c62e4\" data-element_type=\"widget\" data-widget_type=\"spacer.default\">\n\t\t\t\t<div class=\"elementor-widget-container\">\n\t\t\t\t\t\t\t<div class=\"elementor-spacer\">\n\t\t\t<div class=\"elementor-spacer-inner\"><\/div>\n\t\t<\/div>\n\t\t\t\t\t\t<\/div>\n\t\t\t\t<\/div>\n\t\t\t\t<div class=\"elementor-element elementor-element-0b22229 elementor-countdown--label-block elementor-widget elementor-widget-countdown\" data-id=\"0b22229\" data-element_type=\"widget\" data-widget_type=\"countdown.default\">\n\t\t\t\t<div class=\"elementor-widget-container\">\n\t\t\t\t\t\t\t<div data-expire-actions=\"[{&quot;type&quot;:&quot;redirect&quot;,&quot;redirect_url&quot;:&quot;https:\\\/\\\/www.elmassansyd.se\\\/&quot;}]\" class=\"elementor-countdown-wrapper\" data-date=\"1707296400\">\n\t\t\t<div class=\"elementor-countdown-item\"><span class=\"elementor-countdown-digits elementor-countdown-days\"><\/span> <span class=\"elementor-countdown-label\">Days<\/span><\/div><div class=\"elementor-countdown-item\"><span class=\"elementor-countdown-digits elementor-countdown-hours\"><\/span> <span class=\"elementor-countdown-label\">Hours<\/span><\/div><div class=\"elementor-countdown-item\"><span class=\"elementor-countdown-digits elementor-countdown-minutes\"><\/span> <span class=\"elementor-countdown-label\">Minutes<\/span><\/div><div class=\"elementor-countdown-item\"><span class=\"elementor-countdown-digits elementor-countdown-seconds\"><\/span> <span class=\"elementor-countdown-label\">Seconds<\/span><\/div>\t\t<\/div>\n\t\t\t\t\t\t<\/div>\n\t\t\t\t<\/div>\n\t\t\t\t<div class=\"elementor-element elementor-element-ab2ba93 elementor-widget elementor-widget-spacer\" data-id=\"ab2ba93\" data-element_type=\"widget\" data-widget_type=\"spacer.default\">\n\t\t\t\t<div class=\"elementor-widget-container\">\n\t\t\t\t\t\t\t<div class=\"elementor-spacer\">\n\t\t\t<div class=\"elementor-spacer-inner\"><\/div>\n\t\t<\/div>\n\t\t\t\t\t\t<\/div>\n\t\t\t\t<\/div>\n\t\t\t\t<div class=\"elementor-element elementor-element-fe7c436 elementor-align-center elementor-widget elementor-widget-button\" data-id=\"fe7c436\" data-element_type=\"widget\" data-widget_type=\"button.default\">\n\t\t\t\t<div class=\"elementor-widget-container\">\n\t\t\t\t\t\t\t\t\t<div class=\"elementor-button-wrapper\">\n\t\t\t\t\t<a class=\"elementor-button elementor-button-link elementor-size-lg elementor-animation-grow\" href=\"https:\/\/register.visitcloud.com\/survey\/3d511yv0nw378\/start?translation=1y3e4bjlh3me0\">\n\t\t\t\t\t\t<span class=\"elementor-button-content-wrapper\">\n\t\t\t\t\t\t\t\t\t<span class=\"elementor-button-text\">Click here<\/span>\n\t\t\t\t\t<\/span>\n\t\t\t\t\t<\/a>\n\t\t\t\t<\/div>\n\t\t\t\t\t\t\t\t<\/div>\n\t\t\t\t<\/div>\n\t\t\t\t<div class=\"elementor-element elementor-element-2448523 elementor-widget elementor-widget-text-editor\" data-id=\"2448523\" data-element_type=\"widget\" data-widget_type=\"text-editor.default\">\n\t\t\t\t<div class=\"elementor-widget-container\">\n\t\t\t\t\t\t\t\t\t<p>The registration for Elm\u00e4ssan Syd is open, you can claim your free ticket here.<\/p>\n<p>See you on February 7-8, 2024, at Malm\u00f6m\u00e4ssan!<\/p>\n\t\t\t\t\t\t\t\t<\/div>\n\t\t\t\t<\/div>\n\t\t\t\t<div class=\"elementor-element elementor-element-8da4bbd elementor-widget elementor-widget-spacer\" data-id=\"8da4bbd\" data-element_type=\"widget\" data-widget_type=\"spacer.default\">\n\t\t\t\t<div class=\"elementor-widget-container\">\n\t\t\t\t\t\t\t<div class=\"elementor-spacer\">\n\t\t\t<div class=\"elementor-spacer-inner\"><\/div>\n\t\t<\/div>\n\t\t\t\t\t\t<\/div>\n\t\t\t\t<\/div>\n\t\t\t\t\t<\/div>\n\t\t<\/div>\n\t\t\t\t\t<\/div>\n\t\t<\/section>\n\t\t\t\t<\/div>\n\t\t","protected":false},"excerpt":{"rendered":"<p>Free entry ticket for everyone in the industry. We are now in full swing preparing for the 2024 fair. Days Hours Minutes Seconds Click here The registration for Elm\u00e4ssan Syd is open, you can claim your free ticket here. See you on February 7-8, 2024, at Malm\u00f6m\u00e4ssan!<\/p>\n","protected":false},"author":16,"featured_media":0,"parent":0,"menu_order":0,"comment_status":"closed","ping_status":"open","template":"","meta":{"_seopress_robots_primary_cat":"","_seopress_titles_title":"Entrance Ticket - Elm\u00e4ssan Syd","_seopress_titles_desc":"Register for a free entrance ticket to Elm\u00e4ssan Syd on February 4-5, 2026, at Malm\u00f6m\u00e4ssan. ","_seopress_robots_index":"","footnotes":""},"class_list":["post-16441","page","type-page","status-publish","hentry"],"_links":{"self":[{"href":"https:\/\/www.elmassansyd.se\/en\/wp-json\/wp\/v2\/pages\/16441","targetHints":{"allow":["GET"]}}],"collection":[{"href":"https:\/\/www.elmassansyd.se\/en\/wp-json\/wp\/v2\/pages"}],"about":[{"href":"https:\/\/www.elmassansyd.se\/en\/wp-json\/wp\/v2\/types\/page"}],"author":[{"embeddable":true,"href":"https:\/\/www.elmassansyd.se\/en\/wp-json\/wp\/v2\/users\/16"}],"replies":[{"embeddable":true,"href":"https:\/\/www.elmassansyd.se\/en\/wp-json\/wp\/v2\/comments?post=16441"}],"version-history":[{"count":3,"href":"https:\/\/www.elmassansyd.se\/en\/wp-json\/wp\/v2\/pages\/16441\/revisions"}],"predecessor-version":[{"id":31845,"href":"https:\/\/www.elmassansyd.se\/en\/wp-json\/wp\/v2\/pages\/16441\/revisions\/31845"}],"wp:attachment":[{"href":"https:\/\/www.elmassansyd.se\/en\/wp-json\/wp\/v2\/media?parent=16441"}],"curies":[{"name":"wp","href":"https:\/\/api.w.org\/{rel}","templated":true}]}}